{"id":92,"date":"2014-01-23T10:16:29","date_gmt":"2014-01-23T10:16:29","guid":{"rendered":"http:\/\/localhost\/wordpress\/?page_id=92"},"modified":"2020-11-28T20:59:35","modified_gmt":"2020-11-28T19:59:35","slug":"introduccion","status":"publish","type":"page","link":"https:\/\/aemped.org\/?page_id=92","title":{"rendered":"INTRODUCCI\u00d3N"},"content":{"rendered":"<p>La Asociaci\u00f3n de Enfermer\u00eda Madrile\u00f1a de Pediatr\u00eda, ha sido creada con el objetivo de \u201cContribuir, junto a otros especialistas en Ciencias de la Salud, a conseguir el m\u00e1ximo estado de salud del ni\u00f1o y adolescente, potenciando la calidad de los cuidados enfermeros y promocionando su salud en todos los aspectos, preventivo, curativo y rehabilitador\u201d.<\/p>\n<p>Nuestra Asociaci\u00f3n persigue conseguir el reconocimiento del trabajo Enfermero Pedi\u00e1trico en todos los \u00e1mbitos, \u00a0y la calidad de nuestros cuidados, potenciando la formaci\u00f3n permanente y continuada.<\/p>\n<p>AEMPed est\u00e1 abierta a todo el personal de Enfermer\u00eda interesado en la mejora continua de competencias en la atenci\u00f3n a la poblaci\u00f3n infantojuvenil y por ello os invitamos a visitar nuestra p\u00e1gina web y a formar parte de esta Asociaci\u00f3n.<\/p>\n<p><a href=\"https:\/\/aemped.org\/wp-content\/uploads\/2014\/01\/foto-asociacion.jpg\" target=\"_blank\" rel=\"noopener noreferrer\"><img loading=\"lazy\" decoding=\"async\" class=\"aligncenter  wp-image-738\" src=\"https:\/\/aemped.org\/wp-content\/uploads\/2014\/01\/foto-asociacion-300x142.jpg\" alt=\"foto asociacion\" width=\"467\" height=\"221\" srcset=\"https:\/\/aemped.org\/wp-content\/uploads\/2014\/01\/foto-asociacion-300x142.jpg 300w, https:\/\/aemped.org\/wp-content\/uploads\/2014\/01\/foto-asociacion-1024x487.jpg 1024w, https:\/\/aemped.org\/wp-content\/uploads\/2014\/01\/foto-asociacion-900x428.jpg 900w\" sizes=\"auto, (max-width: 467px) 100vw, 467px\" \/><\/a><\/p>\n\n\n<p><\/p>\n\n\n\n<p>La Asociaci\u00f3n renov\u00f3 en 2019 los casi la totalidad de los miembros de su Junta Directiva, compartiendo similares misi\u00f3n, visi\u00f3n y valores de la fundaci\u00f3n de AEMPed.<\/p>\n\n\n\n<p><\/p>\n\n\n\n<figure class=\"wp-block-image size-large is-resized\"><img loading=\"lazy\" decoding=\"async\" src=\"https:\/\/aemped.org\/wp-content\/uploads\/2020\/11\/Screenshot_20190519-013648.png\" alt=\"\" class=\"wp-image-2285\" width=\"135\" height=\"169\" srcset=\"https:\/\/aemped.org\/wp-content\/uploads\/2020\/11\/Screenshot_20190519-013648.png 715w, https:\/\/aemped.org\/wp-content\/uploads\/2020\/11\/Screenshot_20190519-013648-240x300.png 240w\" sizes=\"auto, (max-width: 135px) 100vw, 135px\" \/><\/figure>\n","protected":false},"excerpt":{"rendered":"<p>La Asociaci\u00f3n de Enfermer\u00eda Madrile\u00f1a de Pediatr\u00eda, ha sido creada con el objetivo de \u201cContribuir, junto a otros especialistas en Ciencias de la Salud, a conseguir el m\u00e1ximo estado de salud del ni\u00f1o y adolescente, potenciando la calidad de los cuidados enfermeros y promocionando su salud en todos los aspectos, preventivo, curativo y rehabilitador\u201d. Nuestra [&hellip;]<\/p>\n","protected":false},"author":1,"featured_media":0,"parent":0,"menu_order":0,"comment_status":"closed","ping_status":"closed","template":"","meta":{"site-sidebar-layout":"default","site-content-layout":"default","ast-site-content-layout":"default","site-content-style":"default","site-sidebar-style":"default","ast-global-header-display":"","ast-banner-title-visibility":"","ast-main-header-display":"","ast-hfb-above-header-display":"","ast-hfb-below-header-display":"","ast-hfb-mobile-header-display":"","site-post-title":"","ast-breadcrumbs-content":"","ast-featured-img":"","footer-sml-layout":"","ast-disable-related-posts":"","theme-transparent-header-meta":"default","adv-header-id-meta":"","stick-header-meta":"","header-above-stick-meta":"","header-main-stick-meta":"","header-below-stick-meta":"","astra-migrate-meta-layouts":"default","ast-page-background-enabled":"default","ast-page-background-meta":{"desktop":{"background-color":"","background-image":"","background-repeat":"repeat","background-position":"center center","background-size":"auto","background-attachment":"scroll","background-type":"","background-media":"","overlay-type":"","overlay-color":"","overlay-opacity":"","overlay-gradient":""},"tablet":{"background-color":"","background-image":"","background-repeat":"repeat","background-position":"center center","background-size":"auto","background-attachment":"scroll","background-type":"","background-media":"","overlay-type":"","overlay-color":"","overlay-opacity":"","overlay-gradient":""},"mobile":{"background-color":"","background-image":"","background-repeat":"repeat","background-position":"center center","background-size":"auto","background-attachment":"scroll","background-type":"","background-media":"","overlay-type":"","overlay-color":"","overlay-opacity":"","overlay-gradient":""}},"ast-content-background-meta":{"desktop":{"background-color":"var(--ast-global-color-5)","background-image":"","background-repeat":"repeat","background-position":"center center","background-size":"auto","background-attachment":"scroll","background-type":"","background-media":"","overlay-type":"","overlay-color":"","overlay-opacity":"","overlay-gradient":""},"tablet":{"background-color":"var(--ast-global-color-5)","background-image":"","background-repeat":"repeat","background-position":"center center","background-size":"auto","background-attachment":"scroll","background-type":"","background-media":"","overlay-type":"","overlay-color":"","overlay-opacity":"","overlay-gradient":""},"mobile":{"background-color":"var(--ast-global-color-5)","background-image":"","background-repeat":"repeat","background-position":"center center","background-size":"auto","background-attachment":"scroll","background-type":"","background-media":"","overlay-type":"","overlay-color":"","overlay-opacity":"","overlay-gradient":""}},"footnotes":"","_links_to":"","_links_to_target":""},"class_list":["post-92","page","type-page","status-publish","hentry"],"_links":{"self":[{"href":"https:\/\/aemped.org\/index.php?rest_route=\/wp\/v2\/pages\/92","targetHints":{"allow":["GET"]}}],"collection":[{"href":"https:\/\/aemped.org\/index.php?rest_route=\/wp\/v2\/pages"}],"about":[{"href":"https:\/\/aemped.org\/index.php?rest_route=\/wp\/v2\/types\/page"}],"author":[{"embeddable":true,"href":"https:\/\/aemped.org\/index.php?rest_route=\/wp\/v2\/users\/1"}],"replies":[{"embeddable":true,"href":"https:\/\/aemped.org\/index.php?rest_route=%2Fwp%2Fv2%2Fcomments&post=92"}],"version-history":[{"count":3,"href":"https:\/\/aemped.org\/index.php?rest_route=\/wp\/v2\/pages\/92\/revisions"}],"predecessor-version":[{"id":2286,"href":"https:\/\/aemped.org\/index.php?rest_route=\/wp\/v2\/pages\/92\/revisions\/2286"}],"wp:attachment":[{"href":"https:\/\/aemped.org\/index.php?rest_route=%2Fwp%2Fv2%2Fmedia&parent=92"}],"curies":[{"name":"wp","href":"https:\/\/api.w.org\/{rel}","templated":true}]}}