{"id":82,"date":"2014-01-23T10:13:35","date_gmt":"2014-01-23T10:13:35","guid":{"rendered":"http:\/\/localhost\/wordpress\/?page_id=82"},"modified":"2026-02-27T12:09:57","modified_gmt":"2026-02-27T11:09:57","slug":"junta-directiva-2","status":"publish","type":"page","link":"https:\/\/aemped.org\/?page_id=82","title":{"rendered":"JUNTA DIRECTIVA"},"content":{"rendered":"<div class=\"su-accordion su-u-trim\">\n<div class=\"su-spoiler su-spoiler-style-fancy su-spoiler-icon-plus-circle su-spoiler-closed\" data-scroll-offset=\"0\" data-anchor-in-url=\"no\"><div class=\"su-spoiler-title\" tabindex=\"0\" role=\"button\"><span class=\"su-spoiler-icon\"><\/span>Presidencia: Mar\u00eda Luisa D\u00edaz Mart\u00ednez<\/div><div class=\"su-spoiler-content su-u-clearfix su-u-trim\">\n<address><a href=\"https:\/\/aemped.org\/wp-content\/uploads\/2020\/11\/foto-Marisa.jpg\"><img loading=\"lazy\" decoding=\"async\" class=\"alignleft wp-image-2140\" style=\"border: 1px solid black;\" src=\"https:\/\/aemped.org\/wp-content\/uploads\/2020\/11\/foto-Marisa-300x300.jpg\" alt=\"\" width=\"100\" height=\"100\" srcset=\"https:\/\/aemped.org\/wp-content\/uploads\/2020\/11\/foto-Marisa-300x300.jpg 300w, https:\/\/aemped.org\/wp-content\/uploads\/2020\/11\/foto-Marisa-150x150.jpg 150w, https:\/\/aemped.org\/wp-content\/uploads\/2020\/11\/foto-Marisa.jpg 362w\" sizes=\"auto, (max-width: 100px) 100vw, 100px\" \/><\/a><\/address>\n<address><b>M\u00aa Luisa Santiago Garc\u00eda<\/b><\/address>\n<address>Presidenta de AEMPed<\/address>\n<address>\n<ul>\n<li>Diplomada y Graduada en Enfermer\u00eda por la UAM<\/li>\n<li>Licenciada en Antropolog\u00eda Social y Cultural, UAM<\/li>\n<li>Especialista en Enfermer\u00eda Pedi\u00e1trica<\/li>\n<li>Profesora Facultad de Medicina, Universidad Aut\u00f3noma de Madrid (UAM)<\/li>\n<\/ul>\n<\/address>\n<address>\n<address>\u00a0<\/address>\n<address>\u00a0<\/address>\n<\/address>\n<\/div><\/div>\n<div class=\"su-spoiler su-spoiler-style-fancy su-spoiler-icon-plus-circle su-spoiler-closed\" data-scroll-offset=\"0\" data-anchor-in-url=\"no\"><div class=\"su-spoiler-title\" tabindex=\"0\" role=\"button\"><span class=\"su-spoiler-icon\"><\/span>Secretar\u00eda - Tesorer\u00eda: Aida Junquera Garc\u00eda<\/div><div class=\"su-spoiler-content su-u-clearfix su-u-trim\">\n<address><a href=\"https:\/\/aemped.org\/wp-content\/uploads\/2020\/11\/foto-aida.jpg\"><img loading=\"lazy\" decoding=\"async\" class=\"wp-image-2135 alignleft\" style=\"border: 1px solid black;\" src=\"https:\/\/aemped.org\/wp-content\/uploads\/2020\/11\/foto-aida.jpg\" alt=\"\" width=\"100\" height=\"100\" srcset=\"https:\/\/aemped.org\/wp-content\/uploads\/2020\/11\/foto-aida.jpg 229w, https:\/\/aemped.org\/wp-content\/uploads\/2020\/11\/foto-aida-150x150.jpg 150w\" sizes=\"auto, (max-width: 100px) 100vw, 100px\" \/><\/a><\/address>\n<address><strong>Aida Junquera Garc\u00eda<\/strong><\/address>\n<address>Secretaria y Tesorera de AEMPed<\/address>\n<address>\n<ul>\n<li>Diplomada en Enfermer\u00eda por la Escuela de Enfermer\u00eda de Puerta de Hierro de la Universidad Aut\u00f3noma de Madrid<\/li>\n<li>Especialista en Enfermer\u00eda Pedi\u00e1trica por el Hospital Universitario La Paz<\/li>\n<li>Enfermera UCI Neonatal Hospital Universitario La Paz<\/li>\n<\/ul>\n<\/address>\n<address>\n<address>\u00a0<\/address>\n<\/address>\n<\/div><\/div>\n<div class=\"su-spoiler su-spoiler-style-fancy su-spoiler-icon-plus-circle su-spoiler-closed\" data-scroll-offset=\"0\" data-anchor-in-url=\"no\"><div class=\"su-spoiler-title\" tabindex=\"0\" role=\"button\"><span class=\"su-spoiler-icon\"><\/span>Vocal\u00eda de Comunicaci\u00f3n: Miryam Rojo Avial<\/div><div class=\"su-spoiler-content su-u-clearfix su-u-trim\">\n<address>\n<address><a href=\"https:\/\/aemped.org\/wp-content\/uploads\/2024\/08\/DSC_3714-scaled.jpg\"><img loading=\"lazy\" decoding=\"async\" class=\"alignnone wp-image-2495 \" style=\"border: 1px solid black;\" src=\"https:\/\/aemped.org\/wp-content\/uploads\/2024\/08\/DSC_3714-266x300.jpg\" alt=\"\" width=\"97\" height=\"110\" srcset=\"https:\/\/aemped.org\/wp-content\/uploads\/2024\/08\/DSC_3714-266x300.jpg 266w, https:\/\/aemped.org\/wp-content\/uploads\/2024\/08\/DSC_3714-908x1024.jpg 908w, https:\/\/aemped.org\/wp-content\/uploads\/2024\/08\/DSC_3714-768x866.jpg 768w, https:\/\/aemped.org\/wp-content\/uploads\/2024\/08\/DSC_3714-1362x1536.jpg 1362w, https:\/\/aemped.org\/wp-content\/uploads\/2024\/08\/DSC_3714-1817x2048.jpg 1817w\" sizes=\"auto, (max-width: 97px) 100vw, 97px\" \/><\/a><\/address>\n<address><b>Miryam Rojo Avial<\/b><\/address>\n<address>Vocal de Comunicaci\u00f3n de AEMPed<\/address>\n<address>\n<ul>\n<li>Graduada en Enfermer\u00eda por la Universidad Rey Juan Carlos<\/li>\n<li>Especialista en Enfermer\u00eda Pedi\u00e1trica desde el Hospital Universitario Ram\u00f3n y Cajal<\/li>\n<li>Enfermera Neonatal en Hospital Universitario La Paz y Hospital Univ. Marqu\u00e9s de Valdecilla<\/li>\n<li>Experto Universitario en Cuidados Avanzados en Enfermer\u00eda Aplicada por la Universidad de Le\u00f3n<\/li>\n<li>M\u00e1ster en Cuidados Proactivos de Enfermer\u00eda por la Universidad Cat\u00f3lica Santa Teresa de Jes\u00fas de \u00c1vila<\/li>\n<li>M\u00e1ster en Urgencias Pedi\u00e1tricas por la Universidad Cardenal Herrera<\/li>\n<\/ul>\n<\/address>\n<\/address>\n<\/div><\/div>\n<div class=\"su-spoiler su-spoiler-style-fancy su-spoiler-icon-plus-circle su-spoiler-closed\" data-scroll-offset=\"0\" data-anchor-in-url=\"no\"><div class=\"su-spoiler-title\" tabindex=\"0\" role=\"button\"><span class=\"su-spoiler-icon\"><\/span>Vocal\u00eda de residentes: Mar\u00eda Galindo Ferrer<\/div><div class=\"su-spoiler-content su-u-clearfix su-u-trim\">\n<address><a href=\"https:\/\/aemped.org\/wp-content\/uploads\/2014\/01\/IMG_0171.jpeg\"><img loading=\"lazy\" decoding=\"async\" class=\"wp-image-1803 alignleft\" style=\"border: 1px solid black;\" src=\"https:\/\/aemped.org\/wp-content\/uploads\/2014\/01\/IMG_0171-300x300.jpeg\" alt=\"\" width=\"100\" height=\"100\" srcset=\"https:\/\/aemped.org\/wp-content\/uploads\/2014\/01\/IMG_0171-300x300.jpeg 300w, https:\/\/aemped.org\/wp-content\/uploads\/2014\/01\/IMG_0171-150x150.jpeg 150w, https:\/\/aemped.org\/wp-content\/uploads\/2014\/01\/IMG_0171-144x144.jpeg 144w, https:\/\/aemped.org\/wp-content\/uploads\/2014\/01\/IMG_0171.jpeg 424w\" sizes=\"auto, (max-width: 100px) 100vw, 100px\" \/><\/a><\/address>\n<address><b>Mar\u00eda Galindo Ferrer<\/b><\/address>\n<address>Vocal de Residentes de AEMPed<\/address>\n<address>\n<ul>\n<li>Diplomada en Enfermer\u00eda por la Universidad de Valladolid<\/li>\n<li>Enfermera Interna Residente de Enfermer\u00eda Pedi\u00e1trica en el Hospital Universitario Ram\u00f3n y Cajal<\/li>\n<li>M\u00e1ster en Investigaci\u00f3n y Cuidados de Enfermer\u00eda en Poblaciones Vulnerables por la Universidad Aut\u00f3noma de Madrid<\/li>\n<li>Doctoranda en Medicina y Cirug\u00eda en la Universidad Aut\u00f3noma de Madrid<\/li>\n<\/ul>\n<\/address>\n<address>\n<address>\u00a0<\/address>\n<\/address>\n<\/div><\/div>\n<div class=\"su-spoiler su-spoiler-style-fancy su-spoiler-icon-plus-circle su-spoiler-closed\" data-scroll-offset=\"0\" data-anchor-in-url=\"no\"><div class=\"su-spoiler-title\" tabindex=\"0\" role=\"button\"><span class=\"su-spoiler-icon\"><\/span>Vocal\u00eda de Formaci\u00f3n: Ana Ramos Cruz<\/div><div class=\"su-spoiler-content su-u-clearfix su-u-trim\">\n<address>\n<address>\n<address><a href=\"https:\/\/aemped.org\/wp-content\/uploads\/2020\/11\/default_perfil-e1604840149441.png\"><img loading=\"lazy\" decoding=\"async\" class=\"alignnone wp-image-2104 alignleft\" style=\"border: 1px solid black;\" src=\"https:\/\/aemped.org\/wp-content\/uploads\/2020\/11\/default_perfil-150x150.png\" alt=\"\" width=\"100\" height=\"100\" \/><\/a><\/address>\n<address><b>Ana Ramos Cruz<\/b><\/address>\n<address>Vocal de Docencia de AEMPed<\/address>\n<\/address>\n<\/address>\n<\/div><\/div>\n<\/div>\n<address>\u00a0<\/address>\n","protected":false},"excerpt":{"rendered":"<p>\u00a0<\/p>\n","protected":false},"author":1,"featured_media":0,"parent":0,"menu_order":0,"comment_status":"closed","ping_status":"closed","template":"","meta":{"site-sidebar-layout":"default","site-content-layout":"default","ast-site-content-layout":"default","site-content-style":"default","site-sidebar-style":"default","ast-global-header-display":"","ast-banner-title-visibility":"","ast-main-header-display":"","ast-hfb-above-header-display":"","ast-hfb-below-header-display":"","ast-hfb-mobile-header-display":"","site-post-title":"","ast-breadcrumbs-content":"","ast-featured-img":"","footer-sml-layout":"","ast-disable-related-posts":"","theme-transparent-header-meta":"default","adv-header-id-meta":"","stick-header-meta":"","header-above-stick-meta":"","header-main-stick-meta":"","header-below-stick-meta":"","astra-migrate-meta-layouts":"set","ast-page-background-enabled":"default","ast-page-background-meta":{"desktop":{"background-color":"","background-image":"","background-repeat":"repeat","background-position":"center center","background-size":"auto","background-attachment":"scroll","background-type":"","background-media":"","overlay-type":"","overlay-color":"","overlay-opacity":"","overlay-gradient":""},"tablet":{"background-color":"","background-image":"","background-repeat":"repeat","background-position":"center center","background-size":"auto","background-attachment":"scroll","background-type":"","background-media":"","overlay-type":"","overlay-color":"","overlay-opacity":"","overlay-gradient":""},"mobile":{"background-color":"","background-image":"","background-repeat":"repeat","background-position":"center center","background-size":"auto","background-attachment":"scroll","background-type":"","background-media":"","overlay-type":"","overlay-color":"","overlay-opacity":"","overlay-gradient":""}},"ast-content-background-meta":{"desktop":{"background-color":"var(--ast-global-color-5)","background-image":"","background-repeat":"repeat","background-position":"center center","background-size":"auto","background-attachment":"scroll","background-type":"","background-media":"","overlay-type":"","overlay-color":"","overlay-opacity":"","overlay-gradient":""},"tablet":{"background-color":"var(--ast-global-color-5)","background-image":"","background-repeat":"repeat","background-position":"center center","background-size":"auto","background-attachment":"scroll","background-type":"","background-media":"","overlay-type":"","overlay-color":"","overlay-opacity":"","overlay-gradient":""},"mobile":{"background-color":"var(--ast-global-color-5)","background-image":"","background-repeat":"repeat","background-position":"center center","background-size":"auto","background-attachment":"scroll","background-type":"","background-media":"","overlay-type":"","overlay-color":"","overlay-opacity":"","overlay-gradient":""}},"footnotes":"","_links_to":"","_links_to_target":""},"class_list":["post-82","page","type-page","status-publish","hentry"],"_links":{"self":[{"href":"https:\/\/aemped.org\/index.php?rest_route=\/wp\/v2\/pages\/82","targetHints":{"allow":["GET"]}}],"collection":[{"href":"https:\/\/aemped.org\/index.php?rest_route=\/wp\/v2\/pages"}],"about":[{"href":"https:\/\/aemped.org\/index.php?rest_route=\/wp\/v2\/types\/page"}],"author":[{"embeddable":true,"href":"https:\/\/aemped.org\/index.php?rest_route=\/wp\/v2\/users\/1"}],"replies":[{"embeddable":true,"href":"https:\/\/aemped.org\/index.php?rest_route=%2Fwp%2Fv2%2Fcomments&post=82"}],"version-history":[{"count":127,"href":"https:\/\/aemped.org\/index.php?rest_route=\/wp\/v2\/pages\/82\/revisions"}],"predecessor-version":[{"id":2565,"href":"https:\/\/aemped.org\/index.php?rest_route=\/wp\/v2\/pages\/82\/revisions\/2565"}],"wp:attachment":[{"href":"https:\/\/aemped.org\/index.php?rest_route=%2Fwp%2Fv2%2Fmedia&parent=82"}],"curies":[{"name":"wp","href":"https:\/\/api.w.org\/{rel}","templated":true}]}}