{"id":24,"date":"2014-01-22T17:26:35","date_gmt":"2014-01-22T17:26:35","guid":{"rendered":"http:\/\/localhost\/wordpress\/?page_id=24"},"modified":"2020-11-08T14:11:43","modified_gmt":"2020-11-08T13:11:43","slug":"documentacion","status":"publish","type":"page","link":"https:\/\/aemped.org\/?page_id=24","title":{"rendered":"DOCUMENTACI\u00d3N"},"content":{"rendered":"<div class=\"book-review-archives\">\n<h4 class=\"header\">C<\/h4>\n<ul class=\"thumbs\">\n<li>\n<a href=\"https:\/\/aemped.org\/?p=795\"><img decoding=\"async\" src=\"http:\/\/aemped.org\/wp-content\/uploads\/2015\/11\/portadaVacunacion.jpg\" style=\"max-width:150px; max-height:150px;\"><\/a>\n<h5 class=\"title\"><a href=\"https:\/\/aemped.org\/?p=795\">Calendario de Vacunaci\u00f3n Infantil de la Comunidad de Madrid. (2015)<\/a><\/h5>\n<p>Servicio madrile\u00f1o de Salud. Direcci\u00f3n de Atenci\u00f3n Primaria<\/p>\n<\/li>\n<li>\n<a href=\"https:\/\/aemped.org\/?p=612\"><img decoding=\"async\" src=\"http:\/\/aemped.org\/wp-content\/uploads\/2014\/05\/Portada_Cuidadosdesdeelnacimiento.jpg\" style=\"max-width:150px; max-height:150px;\"><\/a>\n<h5 class=\"title\"><a href=\"https:\/\/aemped.org\/?p=612\">Cuidados desde el nacimiento<\/a><\/h5>\n<p>MINISTERIO DE SANIDAD Y POLITICA SOCIAL<\/p>\n<\/li>\n<\/ul>\n<h4 class=\"header\">E<\/h4>\n<ul class=\"thumbs\">\n<li>\n<a href=\"https:\/\/aemped.org\/?p=636\"><img decoding=\"async\" src=\"http:\/\/aemped.org\/wp-content\/uploads\/2014\/05\/Portada_EstrategiaNacionalSaludSexual.png\" style=\"max-width:150px; max-height:150px;\"><\/a>\n<h5 class=\"title\"><a href=\"https:\/\/aemped.org\/?p=636\">Estrategia Nacional de Salud Sexual y Reproductiva<\/a><\/h5>\n<p>MINISTERIO DE SANIDAD Y POLITICA SOCIAL<\/p>\n<\/li>\n<\/ul>\n<h4 class=\"header\">G<\/h4>\n<ul class=\"thumbs\">\n<li>\n<a href=\"https:\/\/aemped.org\/?p=639\"><img decoding=\"async\" src=\"http:\/\/aemped.org\/wp-content\/uploads\/2014\/05\/Gu\u00eda-de-Cuidados-en-el-Reci\u00e9n-Nacido.png\" style=\"max-width:150px; max-height:150px;\"><\/a>\n<h5 class=\"title\"><a href=\"https:\/\/aemped.org\/?p=639\">Gu\u00eda de Cuidados en el Reci\u00e9n Nacido en la Maternidad.<\/a><\/h5>\n<p>PERSONAL DEL HOSPITAL 12 DE OCTUBRE<\/p>\n<\/li>\n<li>\n<a href=\"https:\/\/aemped.org\/?p=805\"><img decoding=\"async\" src=\"http:\/\/aemped.org\/wp-content\/uploads\/2014\/08\/manualtrastornossueno.jpg\" style=\"max-width:150px; max-height:150px;\"><\/a>\n<h5 class=\"title\"><a href=\"https:\/\/aemped.org\/?p=805\">Gu\u00eda de Pr\u00e1ctica Cl\u00ednica sobre Trastornos del Sue\u00f1o en la Infancia y Adolescencia en Atenci\u00f3n Primaria<\/a><\/h5>\n<p>(2011. Ministerio de Sanidad, Pol\u00edtica Social e Igualdad)<\/p>\n<\/li>\n<\/ul>\n<h4 class=\"header\">I<\/h4>\n<ul class=\"thumbs\">\n<li>\n<a href=\"https:\/\/aemped.org\/?p=788\"><img decoding=\"async\" src=\"http:\/\/aemped.org\/wp-content\/uploads\/2014\/08\/IHAN.jpg\" style=\"max-width:150px; max-height:150px;\"><\/a>\n<h5 class=\"title\"><a href=\"https:\/\/aemped.org\/?p=788\">IHAN. Calidad en la Asistencia Profesional al Nacimiento y la Lactancia.<\/a><\/h5>\n<p>(2011. Ministerio de Sanidad, Pol\u00edtica Social e igualdad)<\/p>\n<\/li>\n<\/ul>\n<h4 class=\"header\">M<\/h4>\n<ul class=\"thumbs\">\n<li>\n<a href=\"https:\/\/aemped.org\/?p=811\"><img decoding=\"async\" src=\"http:\/\/aemped.org\/wp-content\/uploads\/2014\/08\/prematuros.jpg\" style=\"max-width:150px; max-height:150px;\"><\/a>\n<h5 class=\"title\"><a href=\"https:\/\/aemped.org\/?p=811\">Manual para padres con ni\u00f1os prematuros<\/a><\/h5>\n<p>Dr. Vicente Roqu\u00e9s<\/p>\n<\/li>\n<li>\n<a href=\"https:\/\/aemped.org\/?p=802\"><img decoding=\"async\" src=\"http:\/\/aemped.org\/wp-content\/uploads\/2014\/08\/mNUTRPEDIAT.jpg\" style=\"max-width:150px; max-height:150px;\"><\/a>\n<h5 class=\"title\"><a href=\"https:\/\/aemped.org\/?p=802\">Manual Pr\u00e1ctico de Nutrici\u00f3n en Pediatr\u00eda<\/a><\/h5>\n<p>(2007. Comit\u00e9 de Nutrici\u00f3n de la AEP)<\/p>\n<\/li>\n<\/ul>\n<h4 class=\"header\">R<\/h4>\n<ul class=\"thumbs\">\n<li>\n<a href=\"https:\/\/aemped.org\/?p=791\"><img decoding=\"async\" src=\"http:\/\/aemped.org\/wp-content\/uploads\/2014\/08\/aepap1.jpg\" style=\"max-width:150px; max-height:150px;\"><\/a>\n<h5 class=\"title\"><a href=\"https:\/\/aemped.org\/?p=791\">Recomendaciones sobre actividades preventivas y de promoci\u00f3n de la salud en la infancia y la adolescencia.<\/a><\/h5>\n<p>(2009. PrevInfad. Asociaci\u00f3n Espa\u00f1ola de Pediatr\u00eda de Atenci\u00f3n Primaria)<\/p>\n<\/li>\n<\/ul>\n<h4 class=\"header\">T<\/h4>\n<ul class=\"thumbs\">\n<li>\n<a href=\"https:\/\/aemped.org\/?p=808\"><img decoding=\"async\" src=\"http:\/\/aemped.org\/wp-content\/uploads\/2014\/08\/TDAH.jpg\" style=\"max-width:150px; max-height:150px;\"><\/a>\n<h5 class=\"title\"><a href=\"https:\/\/aemped.org\/?p=808\">TDAH y trastornos del sue\u00f1o<\/a><\/h5>\n<p>2011. Asociaci\u00f3n Espa\u00f1ola de Pediatr\u00eda de Atenci\u00f3n Primaria<\/p>\n<\/li>\n<\/div>\n","protected":false},"excerpt":{"rendered":"","protected":false},"author":1,"featured_media":0,"parent":0,"menu_order":0,"comment_status":"closed","ping_status":"closed","template":"","meta":{"site-sidebar-layout":"default","site-content-layout":"default","ast-site-content-layout":"default","site-content-style":"default","site-sidebar-style":"default","ast-global-header-display":"","ast-banner-title-visibility":"","ast-main-header-display":"","ast-hfb-above-header-display":"","ast-hfb-below-header-display":"","ast-hfb-mobile-header-display":"","site-post-title":"","ast-breadcrumbs-content":"","ast-featured-img":"","footer-sml-layout":"","ast-disable-related-posts":"","theme-transparent-header-meta":"default","adv-header-id-meta":"","stick-header-meta":"","header-above-stick-meta":"","header-main-stick-meta":"","header-below-stick-meta":"","astra-migrate-meta-layouts":"default","ast-page-background-enabled":"default","ast-page-background-meta":{"desktop":{"background-color":"","background-image":"","background-repeat":"repeat","background-position":"center center","background-size":"auto","background-attachment":"scroll","background-type":"","background-media":"","overlay-type":"","overlay-color":"","overlay-opacity":"","overlay-gradient":""},"tablet":{"background-color":"","background-image":"","background-repeat":"repeat","background-position":"center center","background-size":"auto","background-attachment":"scroll","background-type":"","background-media":"","overlay-type":"","overlay-color":"","overlay-opacity":"","overlay-gradient":""},"mobile":{"background-color":"","background-image":"","background-repeat":"repeat","background-position":"center center","background-size":"auto","background-attachment":"scroll","background-type":"","background-media":"","overlay-type":"","overlay-color":"","overlay-opacity":"","overlay-gradient":""}},"ast-content-background-meta":{"desktop":{"background-color":"var(--ast-global-color-5)","background-image":"","background-repeat":"repeat","background-position":"center center","background-size":"auto","background-attachment":"scroll","background-type":"","background-media":"","overlay-type":"","overlay-color":"","overlay-opacity":"","overlay-gradient":""},"tablet":{"background-color":"var(--ast-global-color-5)","background-image":"","background-repeat":"repeat","background-position":"center center","background-size":"auto","background-attachment":"scroll","background-type":"","background-media":"","overlay-type":"","overlay-color":"","overlay-opacity":"","overlay-gradient":""},"mobile":{"background-color":"var(--ast-global-color-5)","background-image":"","background-repeat":"repeat","background-position":"center center","background-size":"auto","background-attachment":"scroll","background-type":"","background-media":"","overlay-type":"","overlay-color":"","overlay-opacity":"","overlay-gradient":""}},"footnotes":"","_links_to":"","_links_to_target":""},"class_list":["post-24","page","type-page","status-publish","hentry"],"_links":{"self":[{"href":"https:\/\/aemped.org\/index.php?rest_route=\/wp\/v2\/pages\/24","targetHints":{"allow":["GET"]}}],"collection":[{"href":"https:\/\/aemped.org\/index.php?rest_route=\/wp\/v2\/pages"}],"about":[{"href":"https:\/\/aemped.org\/index.php?rest_route=\/wp\/v2\/types\/page"}],"author":[{"embeddable":true,"href":"https:\/\/aemped.org\/index.php?rest_route=\/wp\/v2\/users\/1"}],"replies":[{"embeddable":true,"href":"https:\/\/aemped.org\/index.php?rest_route=%2Fwp%2Fv2%2Fcomments&post=24"}],"version-history":[{"count":18,"href":"https:\/\/aemped.org\/index.php?rest_route=\/wp\/v2\/pages\/24\/revisions"}],"predecessor-version":[{"id":2116,"href":"https:\/\/aemped.org\/index.php?rest_route=\/wp\/v2\/pages\/24\/revisions\/2116"}],"wp:attachment":[{"href":"https:\/\/aemped.org\/index.php?rest_route=%2Fwp%2Fv2%2Fmedia&parent=24"}],"curies":[{"name":"wp","href":"https:\/\/api.w.org\/{rel}","templated":true}]}}